{"id":160,"date":"2025-05-03T21:55:41","date_gmt":"2025-05-03T19:55:41","guid":{"rendered":"https:\/\/bowdiary.de\/?page_id=160"},"modified":"2025-06-21T12:15:59","modified_gmt":"2025-06-21T10:15:59","slug":"startseite","status":"publish","type":"page","link":"https:\/\/bowdiary.de\/","title":{"rendered":"Startseite"},"content":{"rendered":"\n<p>Seid gegr\u00fc\u00dft, Freunde der biegsamen H\u00f6lzer. Die Webseite soll festhalten wie manche B\u00e4ume\/B\u00e4umchen es zum Weg des Bogens gefunden haben und wie vielleicht manche nicht.<\/p>\n\n\n\n<p>Ich bin Daniel und Bogenbauer aus Leidenschaft seit 2022. Vieles an dem Thema fasziniert mich von der Geschichte des Bogens, welche Jahrtausende zur\u00fcck liegt, \u00fcber die Theorie und Praxis von Holzb\u00f6gen bis hin zum entschlossenen l\u00f6sen der Sehne.<\/p>\n\n\n\n<p>Einige meiner Arbeiten will ich hier f\u00fcr mich und Interessierte festhalten. Viel Spa\u00df beim st\u00f6bern, euer Bogner.<\/p>\n\n\n\n<p><\/p>\n","protected":false},"excerpt":{"rendered":"<p>Seid gegr\u00fc\u00dft, Freunde der biegsamen H\u00f6lzer. Die Webseite soll festhalten wie manche B\u00e4ume\/B\u00e4umchen es zum Weg des Bogens gefunden haben und wie vielleicht manche nicht. Ich bin Daniel und Bogenbauer &hellip; <\/p>\n","protected":false},"author":1,"featured_media":0,"parent":0,"menu_order":0,"comment_status":"closed","ping_status":"closed","template":"","meta":{"footnotes":""},"class_list":["post-160","page","type-page","status-publish","hentry"],"_links":{"self":[{"href":"https:\/\/bowdiary.de\/index.php?rest_route=\/wp\/v2\/pages\/160","targetHints":{"allow":["GET"]}}],"collection":[{"href":"https:\/\/bowdiary.de\/index.php?rest_route=\/wp\/v2\/pages"}],"about":[{"href":"https:\/\/bowdiary.de\/index.php?rest_route=\/wp\/v2\/types\/page"}],"author":[{"embeddable":true,"href":"https:\/\/bowdiary.de\/index.php?rest_route=\/wp\/v2\/users\/1"}],"replies":[{"embeddable":true,"href":"https:\/\/bowdiary.de\/index.php?rest_route=%2Fwp%2Fv2%2Fcomments&post=160"}],"version-history":[{"count":4,"href":"https:\/\/bowdiary.de\/index.php?rest_route=\/wp\/v2\/pages\/160\/revisions"}],"predecessor-version":[{"id":235,"href":"https:\/\/bowdiary.de\/index.php?rest_route=\/wp\/v2\/pages\/160\/revisions\/235"}],"wp:attachment":[{"href":"https:\/\/bowdiary.de\/index.php?rest_route=%2Fwp%2Fv2%2Fmedia&parent=160"}],"curies":[{"name":"wp","href":"https:\/\/api.w.org\/{rel}","templated":true}]}}